{"id":199,"date":"2025-12-24T13:46:44","date_gmt":"2025-12-24T13:46:44","guid":{"rendered":"https:\/\/folieundverpackungservice.de\/?page_id=199"},"modified":"2025-12-25T17:22:30","modified_gmt":"2025-12-25T17:22:30","slug":"shop-2","status":"publish","type":"page","link":"https:\/\/folieundverpackungservice.de\/en\/shop-2\/","title":{"rendered":"Shop"},"content":{"rendered":"<h1 class=\"wp-block-heading\"><strong>Verpackungsmaterial &amp; Hygieneartikel f\u00fcr Gewerbe<\/strong><\/h1>\n\n\n\n<p>Wir beliefern Unternehmen, Reinigungsfirmen, Gastronomie und Handwerksbetriebe mit hochwertigen Verpackungsmaterialien, M\u00fcllbeuteln, Hygieneartikeln und Zubeh\u00f6r.<br>Zuverl\u00e4ssige Qualit\u00e4t, faire Preise und pers\u00f6nliche Beratung f\u00fcr Gesch\u00e4ftskunden in Deutschland.<\/p>\n\n\n\n<div class=\"wp-block-buttons has-white-background-color has-background is-horizontal is-content-justification-center is-layout-flex wp-container-core-buttons-is-layout-f88bb4d0 wp-block-buttons-is-layout-flex\" style=\"border-width:10px;border-top-left-radius:21px;border-top-right-radius:21px;border-bottom-left-radius:21px;border-bottom-right-radius:21px;margin-top:var(--wp--preset--spacing--20);margin-bottom:var(--wp--preset--spacing--20);padding-top:var(--wp--preset--spacing--20);padding-right:var(--wp--preset--spacing--20);padding-bottom:var(--wp--preset--spacing--20);padding-left:var(--wp--preset--spacing--20)\">\n<div class=\"wp-block-button\"><a class=\"wp-block-button__link has-vivid-green-cyan-background-color has-background wp-element-button\" href=\"https:\/\/wa.me\/491605024580?text=Guten%20Tag,%20ich%20interessiere%20mich%20f\u00fcr%20Ihre%20Produkte%20und%20ein%20B2B-Angebot.\" target=\"_blank\" rel=\"noopener\">Jetzt B2B-Angebot anfragen<\/a><\/div>\n<\/div>\n\n\n<div class=\"woocommerce columns-3\"><ul class=\"products columns-3\">\n<li class=\"product-category product first\">\n\t<a aria-label=\"Visit product category Abdeckfolie &amp; Baufolie\" href=\"https:\/\/folieundverpackungservice.de\/en\/product-category\/abdeckfolie-baufolie\/\" data-no-translation-aria-label=\"\"><img loading=\"lazy\" decoding=\"async\" src=\"https:\/\/folieundverpackungservice.de\/wp-content\/uploads\/2025\/12\/OPAK-Folie-schwarz-300x300.jpg\" alt=\"Abdeckfolie &amp; Baufolie\" width=\"300\" height=\"300\" srcset=\"https:\/\/folieundverpackungservice.de\/wp-content\/uploads\/2025\/12\/OPAK-Folie-schwarz-300x300.jpg 300w, https:\/\/folieundverpackungservice.de\/wp-content\/uploads\/2025\/12\/OPAK-Folie-schwarz-1024x1024.jpg 1024w, https:\/\/folieundverpackungservice.de\/wp-content\/uploads\/2025\/12\/OPAK-Folie-schwarz-150x150.jpg 150w, https:\/\/folieundverpackungservice.de\/wp-content\/uploads\/2025\/12\/OPAK-Folie-schwarz-768x768.jpg 768w, https:\/\/folieundverpackungservice.de\/wp-content\/uploads\/2025\/12\/OPAK-Folie-schwarz-600x600.jpg 600w, https:\/\/folieundverpackungservice.de\/wp-content\/uploads\/2025\/12\/OPAK-Folie-schwarz-100x100.jpg 100w, https:\/\/folieundverpackungservice.de\/wp-content\/uploads\/2025\/12\/OPAK-Folie-schwarz.jpg 1500w\" sizes=\"auto, (max-width: 300px) 100vw, 300px\" \/>\t\t<h2 class=\"woocommerce-loop-category__title\">\n\t\t\tAbdeckfolie &amp; Baufolie<mark class=\"count\">7 Products<\/mark>\t\t<\/h2>\n\t\t<\/a><\/li>\n<li class=\"product-category product\">\n\t<a aria-label=\"Visit product category Handschuhe\" href=\"https:\/\/folieundverpackungservice.de\/en\/product-category\/handschuhe\/\" data-no-translation-aria-label=\"\"><img loading=\"lazy\" decoding=\"async\" src=\"https:\/\/folieundverpackungservice.de\/wp-content\/uploads\/2025\/12\/handschuhe-stretch-300x300.jpg\" alt=\"Handschuhe\" width=\"300\" height=\"300\" srcset=\"https:\/\/folieundverpackungservice.de\/wp-content\/uploads\/2025\/12\/handschuhe-stretch-300x300.jpg 300w, https:\/\/folieundverpackungservice.de\/wp-content\/uploads\/2025\/12\/handschuhe-stretch-150x150.jpg 150w, https:\/\/folieundverpackungservice.de\/wp-content\/uploads\/2025\/12\/handschuhe-stretch-100x100.jpg 100w, https:\/\/folieundverpackungservice.de\/wp-content\/uploads\/2025\/12\/handschuhe-stretch.jpg 600w\" sizes=\"auto, (max-width: 300px) 100vw, 300px\" \/>\t\t<h2 class=\"woocommerce-loop-category__title\">\n\t\t\tHandschuhe<mark class=\"count\">6 Products<\/mark>\t\t<\/h2>\n\t\t<\/a><\/li>\n<li class=\"product-category product last\">\n\t<a aria-label=\"Visit product category Hygiene\" href=\"https:\/\/folieundverpackungservice.de\/en\/product-category\/hygiene\/\" data-no-translation-aria-label=\"\"><img loading=\"lazy\" decoding=\"async\" src=\"https:\/\/folieundverpackungservice.de\/wp-content\/uploads\/2025\/12\/IMG-20250515-WA0016-300x300.jpg\" alt=\"Hygiene\" width=\"300\" height=\"300\" srcset=\"https:\/\/folieundverpackungservice.de\/wp-content\/uploads\/2025\/12\/IMG-20250515-WA0016-300x300.jpg 300w, https:\/\/folieundverpackungservice.de\/wp-content\/uploads\/2025\/12\/IMG-20250515-WA0016-150x150.jpg 150w, https:\/\/folieundverpackungservice.de\/wp-content\/uploads\/2025\/12\/IMG-20250515-WA0016-100x100.jpg 100w\" sizes=\"auto, (max-width: 300px) 100vw, 300px\" \/>\t\t<h2 class=\"woocommerce-loop-category__title\">\n\t\t\tHygiene<mark class=\"count\">11 Products<\/mark>\t\t<\/h2>\n\t\t<\/a><\/li>\n<li class=\"product-category product first\">\n\t<a aria-label=\"Visit product category Malerbedarf\" href=\"https:\/\/folieundverpackungservice.de\/en\/product-category\/malerbedarf\/\" data-no-translation-aria-label=\"\"><img loading=\"lazy\" decoding=\"async\" src=\"https:\/\/folieundverpackungservice.de\/wp-content\/uploads\/2025\/12\/malervlies-50-m_1016015_3a-300x300.webp\" alt=\"Malerbedarf\" width=\"300\" height=\"300\" srcset=\"https:\/\/folieundverpackungservice.de\/wp-content\/uploads\/2025\/12\/malervlies-50-m_1016015_3a-300x300.webp 300w, https:\/\/folieundverpackungservice.de\/wp-content\/uploads\/2025\/12\/malervlies-50-m_1016015_3a-1024x1024.webp 1024w, https:\/\/folieundverpackungservice.de\/wp-content\/uploads\/2025\/12\/malervlies-50-m_1016015_3a-150x150.webp 150w, https:\/\/folieundverpackungservice.de\/wp-content\/uploads\/2025\/12\/malervlies-50-m_1016015_3a-768x768.webp 768w, https:\/\/folieundverpackungservice.de\/wp-content\/uploads\/2025\/12\/malervlies-50-m_1016015_3a-600x600.webp 600w, https:\/\/folieundverpackungservice.de\/wp-content\/uploads\/2025\/12\/malervlies-50-m_1016015_3a-100x100.webp 100w, https:\/\/folieundverpackungservice.de\/wp-content\/uploads\/2025\/12\/malervlies-50-m_1016015_3a.webp 1280w\" sizes=\"auto, (max-width: 300px) 100vw, 300px\" \/>\t\t<h2 class=\"woocommerce-loop-category__title\">\n\t\t\tMalerbedarf<mark class=\"count\">5 Products<\/mark>\t\t<\/h2>\n\t\t<\/a><\/li>\n<li class=\"product-category product\">\n\t<a aria-label=\"Visit product category M\u00fcllbeutel\" href=\"https:\/\/folieundverpackungservice.de\/en\/product-category\/muellbeutel\/\" data-no-translation-aria-label=\"\"><img loading=\"lazy\" decoding=\"async\" src=\"https:\/\/folieundverpackungservice.de\/wp-content\/uploads\/2025\/12\/picture-2600-1-300x300.jpeg\" alt=\"M\u00fcllbeutel\" width=\"300\" height=\"300\" srcset=\"https:\/\/folieundverpackungservice.de\/wp-content\/uploads\/2025\/12\/picture-2600-1-300x300.jpeg 300w, https:\/\/folieundverpackungservice.de\/wp-content\/uploads\/2025\/12\/picture-2600-1-150x150.jpeg 150w, https:\/\/folieundverpackungservice.de\/wp-content\/uploads\/2025\/12\/picture-2600-1-100x100.jpeg 100w\" sizes=\"auto, (max-width: 300px) 100vw, 300px\" \/>\t\t<h2 class=\"woocommerce-loop-category__title\">\n\t\t\tM\u00fcllbeutel<mark class=\"count\">10 Products<\/mark>\t\t<\/h2>\n\t\t<\/a><\/li>\n<li class=\"product-category product last\">\n\t<a aria-label=\"Visit product category Unkategorisiert\" href=\"https:\/\/folieundverpackungservice.de\/en\/product-category\/unkategorisiert\/\" data-no-translation-aria-label=\"\"><img loading=\"lazy\" decoding=\"async\" src=\"https:\/\/folieundverpackungservice.de\/wp-content\/uploads\/woocommerce-placeholder.webp\" alt=\"Unkategorisiert\" width=\"300\" height=\"300\" \/>\t\t<h2 class=\"woocommerce-loop-category__title\">\n\t\t\tUnkategorisiert<mark class=\"count\">1 Product<\/mark>\t\t<\/h2>\n\t\t<\/a><\/li>\n<li class=\"product-category product first\">\n\t<a aria-label=\"Visit product category Verpackung\" href=\"https:\/\/folieundverpackungservice.de\/en\/product-category\/verpackungsmaterial\/\" data-no-translation-aria-label=\"\"><img loading=\"lazy\" decoding=\"async\" src=\"https:\/\/folieundverpackungservice.de\/wp-content\/uploads\/2025\/12\/IMG-20250217-WA0004-300x300.png\" alt=\"Verpackung\" width=\"300\" height=\"300\" srcset=\"https:\/\/folieundverpackungservice.de\/wp-content\/uploads\/2025\/12\/IMG-20250217-WA0004-300x300.png 300w, https:\/\/folieundverpackungservice.de\/wp-content\/uploads\/2025\/12\/IMG-20250217-WA0004-150x150.png 150w, https:\/\/folieundverpackungservice.de\/wp-content\/uploads\/2025\/12\/IMG-20250217-WA0004-100x100.png 100w\" sizes=\"auto, (max-width: 300px) 100vw, 300px\" \/>\t\t<h2 class=\"woocommerce-loop-category__title\">\n\t\t\tVerpackung<mark class=\"count\">1 Product<\/mark>\t\t<\/h2>\n\t\t<\/a><\/li>\n<\/ul>\n<\/div>\n\n\n\n<p><\/p>","protected":false},"excerpt":{"rendered":"<p>Verpackungsmaterial &amp; Hygieneartikel f\u00fcr Gewerbe Wir beliefern Unternehmen, Reinigungsfirmen, Gastronomie und Handwerksbetriebe mit hochwertigen Verpackungsmaterialien, M\u00fcllbeuteln, Hygieneartikeln und Zubeh\u00f6r.Zuverl\u00e4ssige Qualit\u00e4t, [&hellip;]<\/p>\n","protected":false},"author":1,"featured_media":0,"parent":0,"menu_order":0,"comment_status":"closed","ping_status":"closed","template":"","meta":{"site-sidebar-layout":"left-sidebar","site-content-layout":"","ast-site-content-layout":"default","site-content-style":"default","site-sidebar-style":"default","ast-global-header-display":"","ast-banner-title-visibility":"","ast-main-header-display":"","ast-hfb-above-header-display":"","ast-hfb-below-header-display":"","ast-hfb-mobile-header-display":"","site-post-title":"","ast-breadcrumbs-content":"","ast-featured-img":"","footer-sml-layout":"","ast-disable-related-posts":"","theme-transparent-header-meta":"","adv-header-id-meta":"","stick-header-meta":"","header-above-stick-meta":"","header-main-stick-meta":"","header-below-stick-meta":"","astra-migrate-meta-layouts":"default","ast-page-background-enabled":"default","ast-page-background-meta":{"desktop":{"background-color":"var(--ast-global-color-5)","background-image":"","background-repeat":"repeat","background-position":"center center","background-size":"auto","background-attachment":"scroll","background-type":"","background-media":"","overlay-type":"","overlay-color":"","overlay-opacity":"","overlay-gradient":""},"tablet":{"background-color":"","background-image":"","background-repeat":"repeat","background-position":"center center","background-size":"auto","background-attachment":"scroll","background-type":"","background-media":"","overlay-type":"","overlay-color":"","overlay-opacity":"","overlay-gradient":""},"mobile":{"background-color":"","background-image":"","background-repeat":"repeat","background-position":"center center","background-size":"auto","background-attachment":"scroll","background-type":"","background-media":"","overlay-type":"","overlay-color":"","overlay-opacity":"","overlay-gradient":""}},"ast-content-background-meta":{"desktop":{"background-color":"var(--ast-global-color-4)","background-image":"","background-repeat":"repeat","background-position":"center center","background-size":"auto","background-attachment":"scroll","background-type":"","background-media":"","overlay-type":"","overlay-color":"","overlay-opacity":"","overlay-gradient":""},"tablet":{"background-color":"var(--ast-global-color-4)","background-image":"","background-repeat":"repeat","background-position":"center center","background-size":"auto","background-attachment":"scroll","background-type":"","background-media":"","overlay-type":"","overlay-color":"","overlay-opacity":"","overlay-gradient":""},"mobile":{"background-color":"var(--ast-global-color-4)","background-image":"","background-repeat":"repeat","background-position":"center center","background-size":"auto","background-attachment":"scroll","background-type":"","background-media":"","overlay-type":"","overlay-color":"","overlay-opacity":"","overlay-gradient":""}},"footnotes":""},"class_list":["post-199","page","type-page","status-publish","hentry"],"_links":{"self":[{"href":"https:\/\/folieundverpackungservice.de\/en\/wp-json\/wp\/v2\/pages\/199","targetHints":{"allow":["GET"]}}],"collection":[{"href":"https:\/\/folieundverpackungservice.de\/en\/wp-json\/wp\/v2\/pages"}],"about":[{"href":"https:\/\/folieundverpackungservice.de\/en\/wp-json\/wp\/v2\/types\/page"}],"author":[{"embeddable":true,"href":"https:\/\/folieundverpackungservice.de\/en\/wp-json\/wp\/v2\/users\/1"}],"replies":[{"embeddable":true,"href":"https:\/\/folieundverpackungservice.de\/en\/wp-json\/wp\/v2\/comments?post=199"}],"version-history":[{"count":6,"href":"https:\/\/folieundverpackungservice.de\/en\/wp-json\/wp\/v2\/pages\/199\/revisions"}],"predecessor-version":[{"id":346,"href":"https:\/\/folieundverpackungservice.de\/en\/wp-json\/wp\/v2\/pages\/199\/revisions\/346"}],"wp:attachment":[{"href":"https:\/\/folieundverpackungservice.de\/en\/wp-json\/wp\/v2\/media?parent=199"}],"curies":[{"name":"wp","href":"https:\/\/api.w.org\/{rel}","templated":true}]}}