{"id":94,"date":"2025-12-20T17:20:42","date_gmt":"2025-12-20T17:20:42","guid":{"rendered":"http:\/\/folieundverpackungservice.de\/?post_type=product&#038;p=94"},"modified":"2025-12-20T17:46:11","modified_gmt":"2025-12-20T17:46:11","slug":"muellbeutel-240l-schwarz-55-my","status":"publish","type":"product","link":"https:\/\/folieundverpackungservice.de\/en\/product\/muellbeutel-240l-schwarz-55-my\/","title":{"rendered":"M\u00fcllbeutel 240l, Schwarz, 650+(2&#215;275), 55 my"},"content":{"rendered":"<p><img loading=\"lazy\" decoding=\"async\" class=\"alignnone size-medium wp-image-95\" src=\"http:\/\/folieundverpackungservice.de\/wp-content\/uploads\/2025\/12\/picture-2600-3-300x236.png\" alt=\"\" width=\"300\" height=\"236\" srcset=\"https:\/\/folieundverpackungservice.de\/wp-content\/uploads\/2025\/12\/picture-2600-3-300x236.png 300w, https:\/\/folieundverpackungservice.de\/wp-content\/uploads\/2025\/12\/picture-2600-3-1024x806.png 1024w, https:\/\/folieundverpackungservice.de\/wp-content\/uploads\/2025\/12\/picture-2600-3-768x605.png 768w, https:\/\/folieundverpackungservice.de\/wp-content\/uploads\/2025\/12\/picture-2600-3-1536x1209.png 1536w, https:\/\/folieundverpackungservice.de\/wp-content\/uploads\/2025\/12\/picture-2600-3-2048x1612.png 2048w, https:\/\/folieundverpackungservice.de\/wp-content\/uploads\/2025\/12\/picture-2600-3-600x472.png 600w\" sizes=\"auto, (max-width: 300px) 100vw, 300px\" \/><\/p>\n<p>Farbe :\u00a0schwarz<br \/>\nQualit\u00e4t: 55 my<br \/>\nMa\u00dfe: 650+(2&#215;275) mm<br \/>\nVolumen: 240 l<br \/>\nflexibel, rei\u00dffest, Stark<br \/>\n1 Rolle = 10 Beutel und 10 Rollen pro Karton \/ Pro Palette &#8211; 40 Kartons<\/p>\n<blockquote>\n<p style=\"text-align: left;\"><strong>Wichtige Hinweis &lt;<\/strong><br \/>\n<em>&#8222;Alle Preise sind Netto &#8220;<br \/>\n&#8222;Versandkosten separat&#8220;<\/em><br \/>\n<em>&#8222;B2B Preise &#8211; bessere Konditionen bei Palettenabnahme.<\/em><\/p>\n<p style=\"text-align: right;\"><em style=\"font-size: 16px; text-align: right;\">Produktanfrage:<\/em><\/p>\n<p style=\"text-align: right;\"><a style=\"font-size: 16px; background-color: #ffffff;\" href=\"https:\/\/wa.me\/491605024580?text=Hallo,%20ich%20habe%20eine%20Anfrage%20\u00fcber%20Ihre%20Website%20zu%20folgendem%20Produkt.%20Bitte%20senden%20Sie%20mir%20ein%20Angebot%20und%20weitere%20Informationen.%20Vielen%20Dank\" target=\"_blank\" rel=\"noopener\"><em><strong>Kontaktieren Sie uns direkt per WhatsApp<\/strong><\/em><\/a><\/p>\n<p style=\"text-align: right;\"><em style=\"font-size: 16px;\">f\u00fcr ein Angebot <\/em><em style=\"font-size: 16px;\">oder weitere Informationen.<\/em><\/p>\n<\/blockquote>","protected":false},"excerpt":{"rendered":"<p>Farbe :\u00a0schwarz Qualit\u00e4t: 55 my Ma\u00dfe: 650+(2&#215;275) mm Volumen: 240 l flexibel, rei\u00dffest, Stark 1 Rolle = 10 Beutel und [&hellip;]<\/p>\n","protected":false},"featured_media":95,"comment_status":"open","ping_status":"closed","template":"","meta":{"site-sidebar-layout":"default","site-content-layout":"","ast-site-content-layout":"default","site-content-style":"default","site-sidebar-style":"default","ast-global-header-display":"","ast-banner-title-visibility":"","ast-main-header-display":"","ast-hfb-above-header-display":"","ast-hfb-below-header-display":"","ast-hfb-mobile-header-display":"","site-post-title":"","ast-breadcrumbs-content":"","ast-featured-img":"","footer-sml-layout":"","ast-disable-related-posts":"","theme-transparent-header-meta":"default","adv-header-id-meta":"","stick-header-meta":"","header-above-stick-meta":"","header-main-stick-meta":"","header-below-stick-meta":"","astra-migrate-meta-layouts":"set","ast-page-background-enabled":"default","ast-page-background-meta":{"desktop":{"background-color":"var(--ast-global-color-5)","background-image":"","background-repeat":"repeat","background-position":"center center","background-size":"auto","background-attachment":"scroll","background-type":"","background-media":"","overlay-type":"","overlay-color":"","overlay-opacity":"","overlay-gradient":""},"tablet":{"background-color":"","background-image":"","background-repeat":"repeat","background-position":"center center","background-size":"auto","background-attachment":"scroll","background-type":"","background-media":"","overlay-type":"","overlay-color":"","overlay-opacity":"","overlay-gradient":""},"mobile":{"background-color":"","background-image":"","background-repeat":"repeat","background-position":"center center","background-size":"auto","background-attachment":"scroll","background-type":"","background-media":"","overlay-type":"","overlay-color":"","overlay-opacity":"","overlay-gradient":""}},"ast-content-background-meta":{"desktop":{"background-color":"var(--ast-global-color-4)","background-image":"","background-repeat":"repeat","background-position":"center center","background-size":"auto","background-attachment":"scroll","background-type":"","background-media":"","overlay-type":"","overlay-color":"","overlay-opacity":"","overlay-gradient":""},"tablet":{"background-color":"var(--ast-global-color-4)","background-image":"","background-repeat":"repeat","background-position":"center center","background-size":"auto","background-attachment":"scroll","background-type":"","background-media":"","overlay-type":"","overlay-color":"","overlay-opacity":"","overlay-gradient":""},"mobile":{"background-color":"var(--ast-global-color-4)","background-image":"","background-repeat":"repeat","background-position":"center center","background-size":"auto","background-attachment":"scroll","background-type":"","background-media":"","overlay-type":"","overlay-color":"","overlay-opacity":"","overlay-gradient":""}}},"product_brand":[],"product_cat":[17],"product_tag":[],"class_list":{"0":"post-94","1":"product","2":"type-product","3":"status-publish","4":"has-post-thumbnail","6":"product_cat-muellbeutel","7":"desktop-align-left","8":"tablet-align-left","9":"mobile-align-left","11":"first","12":"instock","13":"taxable","14":"shipping-taxable","15":"purchasable","16":"product-type-simple"},"_links":{"self":[{"href":"https:\/\/folieundverpackungservice.de\/en\/wp-json\/wp\/v2\/product\/94","targetHints":{"allow":["GET"]}}],"collection":[{"href":"https:\/\/folieundverpackungservice.de\/en\/wp-json\/wp\/v2\/product"}],"about":[{"href":"https:\/\/folieundverpackungservice.de\/en\/wp-json\/wp\/v2\/types\/product"}],"replies":[{"embeddable":true,"href":"https:\/\/folieundverpackungservice.de\/en\/wp-json\/wp\/v2\/comments?post=94"}],"wp:featuredmedia":[{"embeddable":true,"href":"https:\/\/folieundverpackungservice.de\/en\/wp-json\/wp\/v2\/media\/95"}],"wp:attachment":[{"href":"https:\/\/folieundverpackungservice.de\/en\/wp-json\/wp\/v2\/media?parent=94"}],"wp:term":[{"taxonomy":"product_brand","embeddable":true,"href":"https:\/\/folieundverpackungservice.de\/en\/wp-json\/wp\/v2\/product_brand?post=94"},{"taxonomy":"product_cat","embeddable":true,"href":"https:\/\/folieundverpackungservice.de\/en\/wp-json\/wp\/v2\/product_cat?post=94"},{"taxonomy":"product_tag","embeddable":true,"href":"https:\/\/folieundverpackungservice.de\/en\/wp-json\/wp\/v2\/product_tag?post=94"}],"curies":[{"name":"wp","href":"https:\/\/api.w.org\/{rel}","templated":true}]}}